{"id":3,"date":"2021-02-12T10:12:57","date_gmt":"2021-02-12T10:12:57","guid":{"rendered":"https:\/\/coconets.de\/?page_id=3"},"modified":"2025-10-01T09:00:24","modified_gmt":"2025-10-01T09:00:24","slug":"privacy-policy","status":"publish","type":"page","link":"https:\/\/coconets.de\/?page_id=3","title":{"rendered":"Imprint and Data Security"},"content":{"rendered":"\n<p><\/p>\n\n\n\n<h2>Impressum<\/h2>\n\n\n\n<p><strong>Angaben gem\u00e4\u00df \u00a7 5 DDG<\/strong><\/p>\n\n\n\n<p>enlightenment GmbH<br>S\u00fcdwestkorso 16, 12161 Berlin<br>E-Mail:\u00a0<a rel=\"noreferrer noopener\" target=\"_blank\" href=\"mailto:info@coconets.de\">landre (at) coconets.de<\/a><\/p>\n\n\n\n<p>Vertretungsberechtigt: Henrike Landr\u00e9<\/p>\n\n\n\n<p>Handelsregister: Amtsgericht Charlottenburg (Berlin) Aktenzeichen: HRB 169361 B<strong><br><\/strong>Umsatzsteuer-Identifikationsnummer gem. \u00a727a Umsatzsteuergesetz: DE301781936<\/p>\n\n\n\n<p>Verantwortlich f\u00fcr den Inhalt nach \u00a7 18 Abs. 2 MStV: Henrike Landr\u00e9, Anschrift wie oben<\/p>\n\n\n\n<p>Plattform der EU-Kommission zur Online-Streitbeilegung:&nbsp;<a rel=\"noreferrer noopener\" target=\"_blank\" href=\"https:\/\/ec.europa.eu\/consumers\/odr\">https:\/\/ec.europa.eu\/consumers\/odr<\/a><br>Wir sind nicht bereit oder verpflichtet, an Streitbeilegungsverfahren vor einer Verbraucherschlichtungsstelle teilzunehmen.<\/p>\n\n\n\n<hr class=\"wp-block-separator\"\/>\n\n\n\n<h2>Datenschutzerkl\u00e4rung<\/h2>\n\n\n\n<p><strong>1. Verantwortlicher<\/strong><br>Verantwortlich f\u00fcr die Datenverarbeitung ist: siehe oben Impressum<\/p>\n\n\n\n<p><strong>2. Zugriffsdaten\/Hosting<\/strong><br>Beim Besuch unserer Website werden automatisch Informationen von Ihrem Browser an unseren Server \u00fcbermittelt und tempor\u00e4r in Protokolldateien gespeichert. Dazu geh\u00f6ren IP-Adresse, Datum und Uhrzeit, angeforderte Seite, Browsertyp und Betriebssystem. Die Verarbeitung dient der Gew\u00e4hrleistung eines st\u00f6rungsfreien Betriebs und zur Verbesserung unseres Angebotes. Rechtsgrundlage ist Art. 6 Abs. 1 lit. f DSGVO.<\/p>\n\n\n\n<p><strong>3. Datenverarbeitung bei Kontaktaufnahme<\/strong><br>Wenn Sie Kontakt mit uns aufnehmen (z. B. per E-Mail), werden Ihre Angaben zum Zwecke der Bearbeitung Ihrer Anfrage und deren Abwicklung verarbeitet (Art. 6 Abs. 1 lit. b DSGVO).<\/p>\n\n\n\n<p><strong>4. Cookies und Analyse-Tools<\/strong><br>Unsere Website verwendet Cookies. Das sind kleine Textdateien, die auf Ihrem Endger\u00e4t gespeichert werden. Die Verwendung erfolgt auf Grundlage von Art. 6 Abs. 1 lit. f DSGVO. Sie k\u00f6nnen die Installation von Cookies durch eine entsprechende Einstellung Ihres Browsers verhindern.<\/p>\n\n\n\n<p><strong>5. Weitergabe von Daten<\/strong><br>Eine Weitergabe Ihrer Daten an Dritte findet grunds\u00e4tzlich nicht statt, au\u00dfer im Rahmen gesetzlicher Vorgaben oder mit Ihrer Einwilligung.<\/p>\n\n\n\n<p><strong>6. Ihre Rechte<\/strong><br>Sie haben das Recht auf Auskunft, L\u00f6schung, Berichtigung, Einschr\u00e4nkung der Verarbeitung sowie das Recht auf Daten\u00fcbertragbarkeit Ihrer personenbezogenen Daten. Ebenfalls besteht ein Beschwerderecht bei einer zust\u00e4ndigen Aufsichtsbeh\u00f6rde.<\/p>\n\n\n\n<p><\/p>\n","protected":false},"excerpt":{"rendered":"<p>Impressum Angaben gem\u00e4\u00df \u00a7 5 DDG enlightenment GmbHS\u00fcdwestkorso 16, 12161 BerlinE-Mail:\u00a0landre (at) coconets.de Vertretungsberechtigt: Henrike Landr\u00e9 Handelsregister: Amtsgericht Charlottenburg (Berlin) Aktenzeichen: HRB 169361 BUmsatzsteuer-Identifikationsnummer gem. \u00a727a Umsatzsteuergesetz: DE301781936 Verantwortlich f\u00fcr [&hellip;]<\/p>\n","protected":false},"author":1,"featured_media":0,"parent":0,"menu_order":0,"comment_status":"closed","ping_status":"open","template":"","meta":[],"_links":{"self":[{"href":"https:\/\/coconets.de\/index.php?rest_route=\/wp\/v2\/pages\/3"}],"collection":[{"href":"https:\/\/coconets.de\/index.php?rest_route=\/wp\/v2\/pages"}],"about":[{"href":"https:\/\/coconets.de\/index.php?rest_route=\/wp\/v2\/types\/page"}],"author":[{"embeddable":true,"href":"https:\/\/coconets.de\/index.php?rest_route=\/wp\/v2\/users\/1"}],"replies":[{"embeddable":true,"href":"https:\/\/coconets.de\/index.php?rest_route=%2Fwp%2Fv2%2Fcomments&post=3"}],"version-history":[{"count":5,"href":"https:\/\/coconets.de\/index.php?rest_route=\/wp\/v2\/pages\/3\/revisions"}],"predecessor-version":[{"id":383,"href":"https:\/\/coconets.de\/index.php?rest_route=\/wp\/v2\/pages\/3\/revisions\/383"}],"wp:attachment":[{"href":"https:\/\/coconets.de\/index.php?rest_route=%2Fwp%2Fv2%2Fmedia&parent=3"}],"curies":[{"name":"wp","href":"https:\/\/api.w.org\/{rel}","templated":true}]}}